{"id":77,"date":"2008-10-25T13:36:28","date_gmt":"2008-10-25T11:36:28","guid":{"rendered":"http:\/\/www.bodofilmklubb.no\/?page_id=77"},"modified":"2008-10-29T18:40:30","modified_gmt":"2008-10-29T16:40:30","slug":"son-frere","status":"publish","type":"page","link":"https:\/\/www.bodofilmklubb.no\/index.php\/filmer\/son-frere\/","title":{"rendered":"Son Fr\u00e8re"},"content":{"rendered":"<p><!--[endif]--><\/p>\n<p class=\"MsoNormal\"><span style=\"font-size: 10pt; font-family: Verdana;\">Regi: Patrice Ch\u00e9reau. <\/span><span style=\"font-size: 10pt; font-family: Verdana;\">Skuespillere: Bruno Todeschini, Eric Caravaca, Nathalie Boutefeu, Catherine Ferran. Nasjonalitet: Frankrike 2003, Spr\u00e5k: Fransk &#8211; <span style=\"text-decoration: underline;\">med engelske tekster<\/span>, Lengde: 1t 32min.<\/span><\/p>\n<p class=\"MsoNormal\">\n<p class=\"MsoNormal\"><strong><span style=\"font-family: Verdana;\">Importfilm: To br\u00f8dre pr\u00f8ver \u00e5 legge ulikhetene til side n\u00e5r en av dem blir alvorlig syk<\/span><\/strong><\/p>\n<p class=\"MsoNormal\">\n<p class=\"MsoNormal\"><span style=\"font-family: Verdana;\">Thomas har distansert seg fullstendig fra sin bror Luc. Men n\u00e5r Thomas s\u00e5 f\u00e5r en alvorlig og uhelbredelig blodsykdom bestemmer han seg for at han trenger Luc allikevel. De to blir uadskillelige og det sterke b\u00e5ndet begynner \u00e5 t\u00e6re p\u00e5 de n\u00e6rmeste som f\u00f8ler seg utst\u00f8tt. Thomas far kan ikke forst\u00e5 hvorfor Thomas ikke bekjemper sykdommmen med sterkere vilje.<br \/>\nFor denne filmen ble Ch\u00e9reau bel\u00f8nnet med S\u00f8lvbj\u00f8rnen under filmfestivalen i Berlin i 2003. Dette er et fransk filmdrama p\u00e5 h\u00f8yt niv\u00e5. Vi kan vise filmen i samarbeid med Det franske kultursenteret. <\/span><\/p>\n","protected":false},"excerpt":{"rendered":"<p>Regi: Patrice Ch\u00e9reau. Skuespillere: Bruno Todeschini, Eric Caravaca, Nathalie Boutefeu, Catherine Ferran. Nasjonalitet: Frankrike 2003, Spr\u00e5k: Fransk &#8211; med engelske tekster, Lengde: 1t 32min. Importfilm: To br\u00f8dre pr\u00f8ver \u00e5 legge ulikhetene til side n\u00e5r en av dem blir alvorlig syk Thomas har distansert seg fullstendig fra sin bror Luc. Men n\u00e5r Thomas s\u00e5 f\u00e5r en [&hellip;]<\/p>\n","protected":false},"author":2,"featured_media":0,"parent":16,"menu_order":0,"comment_status":"open","ping_status":"open","template":"","meta":{"footnotes":""},"class_list":["post-77","page","type-page","status-publish","hentry"],"_links":{"self":[{"href":"https:\/\/www.bodofilmklubb.no\/index.php\/wp-json\/wp\/v2\/pages\/77","targetHints":{"allow":["GET"]}}],"collection":[{"href":"https:\/\/www.bodofilmklubb.no\/index.php\/wp-json\/wp\/v2\/pages"}],"about":[{"href":"https:\/\/www.bodofilmklubb.no\/index.php\/wp-json\/wp\/v2\/types\/page"}],"author":[{"embeddable":true,"href":"https:\/\/www.bodofilmklubb.no\/index.php\/wp-json\/wp\/v2\/users\/2"}],"replies":[{"embeddable":true,"href":"https:\/\/www.bodofilmklubb.no\/index.php\/wp-json\/wp\/v2\/comments?post=77"}],"version-history":[{"count":5,"href":"https:\/\/www.bodofilmklubb.no\/index.php\/wp-json\/wp\/v2\/pages\/77\/revisions"}],"predecessor-version":[{"id":81,"href":"https:\/\/www.bodofilmklubb.no\/index.php\/wp-json\/wp\/v2\/pages\/77\/revisions\/81"}],"up":[{"embeddable":true,"href":"https:\/\/www.bodofilmklubb.no\/index.php\/wp-json\/wp\/v2\/pages\/16"}],"wp:attachment":[{"href":"https:\/\/www.bodofilmklubb.no\/index.php\/wp-json\/wp\/v2\/media?parent=77"}],"curies":[{"name":"wp","href":"https:\/\/api.w.org\/{rel}","templated":true}]}}