{"id":796,"date":"2013-09-22T14:04:37","date_gmt":"2013-09-22T12:04:37","guid":{"rendered":"http:\/\/www.bodofilmklubb.no\/?page_id=796"},"modified":"2013-09-27T21:50:26","modified_gmt":"2013-09-27T19:50:26","slug":"to-the-wonder","status":"publish","type":"page","link":"https:\/\/www.bodofilmklubb.no\/index.php\/to-the-wonder\/","title":{"rendered":"To the Wonder"},"content":{"rendered":"<p><!--[if gte mso 9]><xml> <o:OfficeDocumentSettings> <o:AllowPNG \/> <\/o:OfficeDocumentSettings> <\/xml><![endif]--><\/p>\n<p><!--[if gte mso 9]><xml> <w:WordDocument> <w:View>Normal<\/w:View> <w:Zoom>0<\/w:Zoom> <w:TrackMoves \/> <w:TrackFormatting \/> <w:HyphenationZone>21<\/w:HyphenationZone> <w:PunctuationKerning \/> <w:ValidateAgainstSchemas \/> <w:SaveIfXMLInvalid>false<\/w:SaveIfXMLInvalid> <w:IgnoreMixedContent>false<\/w:IgnoreMixedContent> <w:AlwaysShowPlaceholderText>false<\/w:AlwaysShowPlaceholderText> <w:DoNotPromoteQF \/> <w:LidThemeOther>NO-BOK<\/w:LidThemeOther> <w:LidThemeAsian>X-NONE<\/w:LidThemeAsian> <w:LidThemeComplexScript>X-NONE<\/w:LidThemeComplexScript> <w:Compatibility> <w:BreakWrappedTables \/> <w:SnapToGridInCell \/> <w:WrapTextWithPunct \/> <w:UseAsianBreakRules \/> <w:DontGrowAutofit \/> <w:SplitPgBreakAndParaMark \/> <w:EnableOpenTypeKerning \/> <w:DontFlipMirrorIndents \/> <w:OverrideTableStyleHps \/> <\/w:Compatibility> <m:mathPr> <m:mathFont m:val=\"Cambria Math\" \/> <m:brkBin m:val=\"before\" \/> <m:brkBinSub m:val=\"&#45;-\" \/> <m:smallFrac m:val=\"off\" \/> <m:dispDef \/> <m:lMargin m:val=\"0\" \/> <m:rMargin m:val=\"0\" \/> <m:defJc m:val=\"centerGroup\" \/> <m:wrapIndent m:val=\"1440\" \/> <m:intLim m:val=\"subSup\" \/> <m:naryLim m:val=\"undOvr\" \/> <\/m:mathPr><\/w:WordDocument> <\/xml><![endif]--><!--[if gte mso 9]><xml> <w:LatentStyles DefLockedState=\"false\" DefUnhideWhenUsed=\"true\"   DefSemiHidden=\"true\" DefQFormat=\"false\" DefPriority=\"99\"   LatentStyleCount=\"267\"> <w:LsdException Locked=\"false\" Priority=\"0\" SemiHidden=\"false\"    UnhideWhenUsed=\"false\" QFormat=\"true\" Name=\"Normal\" \/> <w:LsdException Locked=\"false\" Priority=\"9\" SemiHidden=\"false\"    UnhideWhenUsed=\"false\" QFormat=\"true\" Name=\"heading 1\" \/> <w:LsdException Locked=\"false\" Priority=\"9\" QFormat=\"true\" Name=\"heading 2\" \/> <w:LsdException Locked=\"false\" Priority=\"9\" QFormat=\"true\" Name=\"heading 3\" \/> <w:LsdException Locked=\"false\" Priority=\"9\" QFormat=\"true\" Name=\"heading 4\" \/> <w:LsdException Locked=\"false\" Priority=\"9\" QFormat=\"true\" Name=\"heading 5\" \/> <w:LsdException Locked=\"false\" Priority=\"9\" QFormat=\"true\" Name=\"heading 6\" \/> <w:LsdException Locked=\"false\" Priority=\"9\" QFormat=\"true\" Name=\"heading 7\" \/> <w:LsdException Locked=\"false\" Priority=\"9\" QFormat=\"true\" Name=\"heading 8\" \/> <w:LsdException Locked=\"false\" Priority=\"9\" QFormat=\"true\" Name=\"heading 9\" \/> <w:LsdException Locked=\"false\" Priority=\"39\" Name=\"toc 1\" \/> <w:LsdException Locked=\"false\" Priority=\"39\" Name=\"toc 2\" \/> <w:LsdException Locked=\"false\" Priority=\"39\" Name=\"toc 3\" \/> <w:LsdException Locked=\"false\" Priority=\"39\" Name=\"toc 4\" \/> <w:LsdException Locked=\"false\" Priority=\"39\" Name=\"toc 5\" \/> <w:LsdException Locked=\"false\" Priority=\"39\" Name=\"toc 6\" \/> <w:LsdException Locked=\"false\" Priority=\"39\" Name=\"toc 7\" \/> <w:LsdException Locked=\"false\" Priority=\"39\" Name=\"toc 8\" \/> <w:LsdException Locked=\"false\" Priority=\"39\" Name=\"toc 9\" \/> <w:LsdException Locked=\"false\" Priority=\"35\" QFormat=\"true\" Name=\"caption\" \/> <w:LsdException Locked=\"false\" Priority=\"10\" SemiHidden=\"false\"    UnhideWhenUsed=\"false\" QFormat=\"true\" Name=\"Title\" \/> <w:LsdException Locked=\"false\" Priority=\"1\" Name=\"Default Paragraph Font\" \/> <w:LsdException Locked=\"false\" Priority=\"11\" SemiHidden=\"false\"    UnhideWhenUsed=\"false\" QFormat=\"true\" Name=\"Subtitle\" \/> <w:LsdException Locked=\"false\" Priority=\"22\" SemiHidden=\"false\"    UnhideWhenUsed=\"false\" QFormat=\"true\" Name=\"Strong\" \/> <w:LsdException Locked=\"false\" Priority=\"20\" SemiHidden=\"false\"    UnhideWhenUsed=\"false\" QFormat=\"true\" Name=\"Emphasis\" \/> <w:LsdException Locked=\"false\" Priority=\"59\" SemiHidden=\"false\"    UnhideWhenUsed=\"false\" Name=\"Table Grid\" \/> <w:LsdException Locked=\"false\" UnhideWhenUsed=\"false\" Name=\"Placeholder Text\" \/> <w:LsdException Locked=\"false\" Priority=\"1\" SemiHidden=\"false\"    UnhideWhenUsed=\"false\" QFormat=\"true\" Name=\"No Spacing\" \/> <w:LsdException Locked=\"false\" Priority=\"60\" SemiHidden=\"false\"    UnhideWhenUsed=\"false\" Name=\"Light Shading\" \/> <w:LsdException Locked=\"false\" Priority=\"61\" SemiHidden=\"false\"    UnhideWhenUsed=\"false\" Name=\"Light List\" \/> <w:LsdException Locked=\"false\" Priority=\"62\" SemiHidden=\"false\"    UnhideWhenUsed=\"false\" Name=\"Light Grid\" \/> <w:LsdException Locked=\"false\" Priority=\"63\" SemiHidden=\"false\"    UnhideWhenUsed=\"false\" Name=\"Medium Shading 1\" \/> <w:LsdException Locked=\"false\" Priority=\"64\" SemiHidden=\"false\"    UnhideWhenUsed=\"false\" Name=\"Medium Shading 2\" \/> <w:LsdException Locked=\"false\" Priority=\"65\" SemiHidden=\"false\"    UnhideWhenUsed=\"false\" Name=\"Medium List 1\" \/> <w:LsdException Locked=\"false\" Priority=\"66\" SemiHidden=\"false\"    UnhideWhenUsed=\"false\" Name=\"Medium List 2\" \/> <w:LsdException Locked=\"false\" Priority=\"67\" SemiHidden=\"false\"    UnhideWhenUsed=\"false\" Name=\"Medium Grid 1\" \/> <w:LsdException Locked=\"false\" Priority=\"68\" SemiHidden=\"false\"    UnhideWhenUsed=\"false\" Name=\"Medium Grid 2\" \/> <w:LsdException Locked=\"false\" Priority=\"69\" SemiHidden=\"false\"    UnhideWhenUsed=\"false\" Name=\"Medium Grid 3\" \/> <w:LsdException Locked=\"false\" Priority=\"70\" SemiHidden=\"false\"    UnhideWhenUsed=\"false\" Name=\"Dark List\" \/> <w:LsdException Locked=\"false\" Priority=\"71\" SemiHidden=\"false\"    UnhideWhenUsed=\"false\" Name=\"Colorful Shading\" \/> <w:LsdException Locked=\"false\" Priority=\"72\" SemiHidden=\"false\"    UnhideWhenUsed=\"false\" Name=\"Colorful List\" \/> <w:LsdException Locked=\"false\" Priority=\"73\" SemiHidden=\"false\"    UnhideWhenUsed=\"false\" Name=\"Colorful Grid\" \/> <w:LsdException Locked=\"false\" Priority=\"60\" SemiHidden=\"false\"    UnhideWhenUsed=\"false\" Name=\"Light Shading Accent 1\" \/> <w:LsdException Locked=\"false\" Priority=\"61\" SemiHidden=\"false\"    UnhideWhenUsed=\"false\" Name=\"Light List Accent 1\" \/> <w:LsdException Locked=\"false\" Priority=\"62\" SemiHidden=\"false\"    UnhideWhenUsed=\"false\" Name=\"Light Grid Accent 1\" \/> <w:LsdException Locked=\"false\" Priority=\"63\" SemiHidden=\"false\"    UnhideWhenUsed=\"false\" Name=\"Medium Shading 1 Accent 1\" \/> <w:LsdException Locked=\"false\" Priority=\"64\" SemiHidden=\"false\"    UnhideWhenUsed=\"false\" Name=\"Medium Shading 2 Accent 1\" \/> <w:LsdException Locked=\"false\" Priority=\"65\" SemiHidden=\"false\"    UnhideWhenUsed=\"false\" Name=\"Medium List 1 Accent 1\" \/> <w:LsdException Locked=\"false\" UnhideWhenUsed=\"false\" Name=\"Revision\" \/> <w:LsdException Locked=\"false\" Priority=\"34\" SemiHidden=\"false\"    UnhideWhenUsed=\"false\" QFormat=\"true\" Name=\"List Paragraph\" \/> <w:LsdException Locked=\"false\" Priority=\"29\" SemiHidden=\"false\"    UnhideWhenUsed=\"false\" QFormat=\"true\" Name=\"Quote\" \/> <w:LsdException Locked=\"false\" Priority=\"30\" SemiHidden=\"false\"    UnhideWhenUsed=\"false\" QFormat=\"true\" Name=\"Intense Quote\" \/> <w:LsdException Locked=\"false\" Priority=\"66\" SemiHidden=\"false\"    UnhideWhenUsed=\"false\" Name=\"Medium List 2 Accent 1\" \/> <w:LsdException Locked=\"false\" Priority=\"67\" SemiHidden=\"false\"    UnhideWhenUsed=\"false\" Name=\"Medium Grid 1 Accent 1\" \/> <w:LsdException Locked=\"false\" Priority=\"68\" SemiHidden=\"false\"    UnhideWhenUsed=\"false\" Name=\"Medium Grid 2 Accent 1\" \/> <w:LsdException Locked=\"false\" Priority=\"69\" SemiHidden=\"false\"    UnhideWhenUsed=\"false\" Name=\"Medium Grid 3 Accent 1\" \/> <w:LsdException Locked=\"false\" Priority=\"70\" SemiHidden=\"false\"    UnhideWhenUsed=\"false\" Name=\"Dark List Accent 1\" \/> <w:LsdException Locked=\"false\" Priority=\"71\" SemiHidden=\"false\"    UnhideWhenUsed=\"false\" Name=\"Colorful Shading Accent 1\" \/> <w:LsdException Locked=\"false\" Priority=\"72\" SemiHidden=\"false\"    UnhideWhenUsed=\"false\" Name=\"Colorful List Accent 1\" \/> <w:LsdException Locked=\"false\" Priority=\"73\" SemiHidden=\"false\"    UnhideWhenUsed=\"false\" Name=\"Colorful Grid Accent 1\" \/> <w:LsdException Locked=\"false\" Priority=\"60\" SemiHidden=\"false\"    UnhideWhenUsed=\"false\" Name=\"Light Shading Accent 2\" \/> <w:LsdException Locked=\"false\" Priority=\"61\" SemiHidden=\"false\"    UnhideWhenUsed=\"false\" Name=\"Light List Accent 2\" \/> <w:LsdException Locked=\"false\" Priority=\"62\" SemiHidden=\"false\"    UnhideWhenUsed=\"false\" Name=\"Light Grid Accent 2\" \/> <w:LsdException Locked=\"false\" Priority=\"63\" SemiHidden=\"false\"    UnhideWhenUsed=\"false\" Name=\"Medium Shading 1 Accent 2\" \/> <w:LsdException Locked=\"false\" Priority=\"64\" SemiHidden=\"false\"    UnhideWhenUsed=\"false\" Name=\"Medium Shading 2 Accent 2\" \/> <w:LsdException Locked=\"false\" Priority=\"65\" SemiHidden=\"false\"    UnhideWhenUsed=\"false\" Name=\"Medium List 1 Accent 2\" \/> <w:LsdException Locked=\"false\" Priority=\"66\" SemiHidden=\"false\"    UnhideWhenUsed=\"false\" Name=\"Medium List 2 Accent 2\" \/> <w:LsdException Locked=\"false\" Priority=\"67\" SemiHidden=\"false\"    UnhideWhenUsed=\"false\" Name=\"Medium Grid 1 Accent 2\" \/> <w:LsdException Locked=\"false\" Priority=\"68\" SemiHidden=\"false\"    UnhideWhenUsed=\"false\" Name=\"Medium Grid 2 Accent 2\" \/> <w:LsdException Locked=\"false\" Priority=\"69\" SemiHidden=\"false\"    UnhideWhenUsed=\"false\" Name=\"Medium Grid 3 Accent 2\" \/> <w:LsdException Locked=\"false\" Priority=\"70\" SemiHidden=\"false\"    UnhideWhenUsed=\"false\" Name=\"Dark List Accent 2\" \/> <w:LsdException Locked=\"false\" Priority=\"71\" SemiHidden=\"false\"    UnhideWhenUsed=\"false\" Name=\"Colorful Shading Accent 2\" \/> <w:LsdException Locked=\"false\" Priority=\"72\" SemiHidden=\"false\"    UnhideWhenUsed=\"false\" Name=\"Colorful List Accent 2\" \/> <w:LsdException Locked=\"false\" Priority=\"73\" SemiHidden=\"false\"    UnhideWhenUsed=\"false\" Name=\"Colorful Grid Accent 2\" \/> <w:LsdException Locked=\"false\" Priority=\"60\" SemiHidden=\"false\"    UnhideWhenUsed=\"false\" Name=\"Light Shading Accent 3\" \/> <w:LsdException Locked=\"false\" Priority=\"61\" SemiHidden=\"false\"    UnhideWhenUsed=\"false\" Name=\"Light List Accent 3\" \/> <w:LsdException Locked=\"false\" Priority=\"62\" SemiHidden=\"false\"    UnhideWhenUsed=\"false\" Name=\"Light Grid Accent 3\" \/> <w:LsdException Locked=\"false\" Priority=\"63\" SemiHidden=\"false\"    UnhideWhenUsed=\"false\" Name=\"Medium Shading 1 Accent 3\" \/> <w:LsdException Locked=\"false\" Priority=\"64\" SemiHidden=\"false\"    UnhideWhenUsed=\"false\" Name=\"Medium Shading 2 Accent 3\" \/> <w:LsdException Locked=\"false\" Priority=\"65\" SemiHidden=\"false\"    UnhideWhenUsed=\"false\" Name=\"Medium List 1 Accent 3\" \/> <w:LsdException Locked=\"false\" Priority=\"66\" SemiHidden=\"false\"    UnhideWhenUsed=\"false\" Name=\"Medium List 2 Accent 3\" \/> <w:LsdException Locked=\"false\" Priority=\"67\" SemiHidden=\"false\"    UnhideWhenUsed=\"false\" Name=\"Medium Grid 1 Accent 3\" \/> <w:LsdException Locked=\"false\" Priority=\"68\" SemiHidden=\"false\"    UnhideWhenUsed=\"false\" Name=\"Medium Grid 2 Accent 3\" \/> <w:LsdException Locked=\"false\" Priority=\"69\" SemiHidden=\"false\"    UnhideWhenUsed=\"false\" Name=\"Medium Grid 3 Accent 3\" \/> <w:LsdException Locked=\"false\" Priority=\"70\" SemiHidden=\"false\"    UnhideWhenUsed=\"false\" Name=\"Dark List Accent 3\" \/> <w:LsdException Locked=\"false\" Priority=\"71\" SemiHidden=\"false\"    UnhideWhenUsed=\"false\" Name=\"Colorful Shading Accent 3\" \/> <w:LsdException Locked=\"false\" Priority=\"72\" SemiHidden=\"false\"    UnhideWhenUsed=\"false\" Name=\"Colorful List Accent 3\" \/> <w:LsdException Locked=\"false\" Priority=\"73\" SemiHidden=\"false\"    UnhideWhenUsed=\"false\" Name=\"Colorful Grid Accent 3\" \/> <w:LsdException Locked=\"false\" Priority=\"60\" SemiHidden=\"false\"    UnhideWhenUsed=\"false\" Name=\"Light Shading Accent 4\" \/> <w:LsdException Locked=\"false\" Priority=\"61\" SemiHidden=\"false\"    UnhideWhenUsed=\"false\" Name=\"Light List Accent 4\" \/> <w:LsdException Locked=\"false\" Priority=\"62\" SemiHidden=\"false\"    UnhideWhenUsed=\"false\" Name=\"Light Grid Accent 4\" \/> <w:LsdException Locked=\"false\" Priority=\"63\" SemiHidden=\"false\"    UnhideWhenUsed=\"false\" Name=\"Medium Shading 1 Accent 4\" \/> <w:LsdException Locked=\"false\" Priority=\"64\" SemiHidden=\"false\"    UnhideWhenUsed=\"false\" Name=\"Medium Shading 2 Accent 4\" \/> <w:LsdException Locked=\"false\" Priority=\"65\" SemiHidden=\"false\"    UnhideWhenUsed=\"false\" Name=\"Medium List 1 Accent 4\" \/> <w:LsdException Locked=\"false\" Priority=\"66\" SemiHidden=\"false\"    UnhideWhenUsed=\"false\" Name=\"Medium List 2 Accent 4\" \/> <w:LsdException Locked=\"false\" Priority=\"67\" SemiHidden=\"false\"    UnhideWhenUsed=\"false\" Name=\"Medium Grid 1 Accent 4\" \/> <w:LsdException Locked=\"false\" Priority=\"68\" SemiHidden=\"false\"    UnhideWhenUsed=\"false\" Name=\"Medium Grid 2 Accent 4\" \/> <w:LsdException Locked=\"false\" Priority=\"69\" SemiHidden=\"false\"    UnhideWhenUsed=\"false\" Name=\"Medium Grid 3 Accent 4\" \/> <w:LsdException Locked=\"false\" Priority=\"70\" SemiHidden=\"false\"    UnhideWhenUsed=\"false\" Name=\"Dark List Accent 4\" \/> <w:LsdException Locked=\"false\" Priority=\"71\" SemiHidden=\"false\"    UnhideWhenUsed=\"false\" Name=\"Colorful Shading Accent 4\" \/> <w:LsdException Locked=\"false\" Priority=\"72\" SemiHidden=\"false\"    UnhideWhenUsed=\"false\" Name=\"Colorful List Accent 4\" \/> <w:LsdException Locked=\"false\" Priority=\"73\" SemiHidden=\"false\"    UnhideWhenUsed=\"false\" Name=\"Colorful Grid Accent 4\" \/> <w:LsdException Locked=\"false\" Priority=\"60\" SemiHidden=\"false\"    UnhideWhenUsed=\"false\" Name=\"Light Shading Accent 5\" \/> <w:LsdException Locked=\"false\" Priority=\"61\" SemiHidden=\"false\"    UnhideWhenUsed=\"false\" Name=\"Light List Accent 5\" \/> <w:LsdException Locked=\"false\" Priority=\"62\" SemiHidden=\"false\"    UnhideWhenUsed=\"false\" Name=\"Light Grid Accent 5\" \/> <w:LsdException Locked=\"false\" Priority=\"63\" SemiHidden=\"false\"    UnhideWhenUsed=\"false\" Name=\"Medium Shading 1 Accent 5\" \/> <w:LsdException Locked=\"false\" Priority=\"64\" SemiHidden=\"false\"    UnhideWhenUsed=\"false\" Name=\"Medium Shading 2 Accent 5\" \/> <w:LsdException Locked=\"false\" Priority=\"65\" SemiHidden=\"false\"    UnhideWhenUsed=\"false\" Name=\"Medium List 1 Accent 5\" \/> <w:LsdException Locked=\"false\" Priority=\"66\" SemiHidden=\"false\"    UnhideWhenUsed=\"false\" Name=\"Medium List 2 Accent 5\" \/> <w:LsdException Locked=\"false\" Priority=\"67\" SemiHidden=\"false\"    UnhideWhenUsed=\"false\" Name=\"Medium Grid 1 Accent 5\" \/> <w:LsdException Locked=\"false\" Priority=\"68\" SemiHidden=\"false\"    UnhideWhenUsed=\"false\" Name=\"Medium Grid 2 Accent 5\" \/> <w:LsdException Locked=\"false\" Priority=\"69\" SemiHidden=\"false\"    UnhideWhenUsed=\"false\" Name=\"Medium Grid 3 Accent 5\" \/> <w:LsdException Locked=\"false\" Priority=\"70\" SemiHidden=\"false\"    UnhideWhenUsed=\"false\" Name=\"Dark List Accent 5\" \/> <w:LsdException Locked=\"false\" Priority=\"71\" SemiHidden=\"false\"    UnhideWhenUsed=\"false\" Name=\"Colorful Shading Accent 5\" \/> <w:LsdException Locked=\"false\" Priority=\"72\" SemiHidden=\"false\"    UnhideWhenUsed=\"false\" Name=\"Colorful List Accent 5\" \/> <w:LsdException Locked=\"false\" Priority=\"73\" SemiHidden=\"false\"    UnhideWhenUsed=\"false\" Name=\"Colorful Grid Accent 5\" \/> <w:LsdException Locked=\"false\" Priority=\"60\" SemiHidden=\"false\"    UnhideWhenUsed=\"false\" Name=\"Light Shading Accent 6\" \/> <w:LsdException Locked=\"false\" Priority=\"61\" SemiHidden=\"false\"    UnhideWhenUsed=\"false\" Name=\"Light List Accent 6\" \/> <w:LsdException Locked=\"false\" Priority=\"62\" SemiHidden=\"false\"    UnhideWhenUsed=\"false\" Name=\"Light Grid Accent 6\" \/> <w:LsdException Locked=\"false\" Priority=\"63\" SemiHidden=\"false\"    UnhideWhenUsed=\"false\" Name=\"Medium Shading 1 Accent 6\" \/> <w:LsdException Locked=\"false\" Priority=\"64\" SemiHidden=\"false\"    UnhideWhenUsed=\"false\" Name=\"Medium Shading 2 Accent 6\" \/> <w:LsdException Locked=\"false\" Priority=\"65\" SemiHidden=\"false\"    UnhideWhenUsed=\"false\" Name=\"Medium List 1 Accent 6\" \/> <w:LsdException Locked=\"false\" Priority=\"66\" SemiHidden=\"false\"    UnhideWhenUsed=\"false\" Name=\"Medium List 2 Accent 6\" \/> <w:LsdException Locked=\"false\" Priority=\"67\" SemiHidden=\"false\"    UnhideWhenUsed=\"false\" Name=\"Medium Grid 1 Accent 6\" \/> <w:LsdException Locked=\"false\" Priority=\"68\" SemiHidden=\"false\"    UnhideWhenUsed=\"false\" Name=\"Medium Grid 2 Accent 6\" \/> <w:LsdException Locked=\"false\" Priority=\"69\" SemiHidden=\"false\"    UnhideWhenUsed=\"false\" Name=\"Medium Grid 3 Accent 6\" \/> <w:LsdException Locked=\"false\" Priority=\"70\" SemiHidden=\"false\"    UnhideWhenUsed=\"false\" Name=\"Dark List Accent 6\" \/> <w:LsdException Locked=\"false\" Priority=\"71\" SemiHidden=\"false\"    UnhideWhenUsed=\"false\" Name=\"Colorful Shading Accent 6\" \/> <w:LsdException Locked=\"false\" Priority=\"72\" SemiHidden=\"false\"    UnhideWhenUsed=\"false\" Name=\"Colorful List Accent 6\" \/> <w:LsdException Locked=\"false\" Priority=\"73\" SemiHidden=\"false\"    UnhideWhenUsed=\"false\" Name=\"Colorful Grid Accent 6\" \/> <w:LsdException Locked=\"false\" Priority=\"19\" SemiHidden=\"false\"    UnhideWhenUsed=\"false\" QFormat=\"true\" Name=\"Subtle Emphasis\" \/> <w:LsdException Locked=\"false\" Priority=\"21\" SemiHidden=\"false\"    UnhideWhenUsed=\"false\" QFormat=\"true\" Name=\"Intense Emphasis\" \/> <w:LsdException Locked=\"false\" Priority=\"31\" SemiHidden=\"false\"    UnhideWhenUsed=\"false\" QFormat=\"true\" Name=\"Subtle Reference\" \/> <w:LsdException Locked=\"false\" Priority=\"32\" SemiHidden=\"false\"    UnhideWhenUsed=\"false\" QFormat=\"true\" Name=\"Intense Reference\" \/> <w:LsdException Locked=\"false\" Priority=\"33\" SemiHidden=\"false\"    UnhideWhenUsed=\"false\" QFormat=\"true\" Name=\"Book Title\" \/> <w:LsdException Locked=\"false\" Priority=\"37\" Name=\"Bibliography\" \/> <w:LsdException Locked=\"false\" Priority=\"39\" QFormat=\"true\" Name=\"TOC Heading\" \/> <\/w:LatentStyles> <\/xml><![endif]--><!--[if gte mso 10]> \n\n<style>\n \/* Style Definitions *\/\n table.MsoNormalTable\n\t{mso-style-name:\"Vanlig tabell\";\n\tmso-tstyle-rowband-size:0;\n\tmso-tstyle-colband-size:0;\n\tmso-style-noshow:yes;\n\tmso-style-priority:99;\n\tmso-style-parent:\"\";\n\tmso-padding-alt:0cm 5.4pt 0cm 5.4pt;\n\tmso-para-margin-top:0cm;\n\tmso-para-margin-right:0cm;\n\tmso-para-margin-bottom:10.0pt;\n\tmso-para-margin-left:0cm;\n\tline-height:115%;\n\tmso-pagination:widow-orphan;\n\tfont-size:11.0pt;\n\tfont-family:\"Calibri\",\"sans-serif\";\n\tmso-ascii-font-family:Calibri;\n\tmso-ascii-theme-font:minor-latin;\n\tmso-hansi-font-family:Calibri;\n\tmso-hansi-theme-font:minor-latin;\n\tmso-fareast-language:EN-US;}\n<\/style>\n\n <![endif]--><\/p>\n<p class=\"MsoNormal\">Regi: Terrence Malick<br \/>\nSkuespillere: Ben Affleck, Olga Kurylenko, Rachel McAdams, Javier Bardem<br \/>\nNasjonalitet: USA 2012<br \/>\nSjanger: Drama<br \/>\nSpr\u00e5k: Engelsk<br \/>\nLengde: 1 t 52 min<br \/>\nUtleie\/format: Nordisk filmdistribusjon \/ DCP<br style=\"mso-special-character: line-break;\" \/> <br style=\"mso-special-character: line-break;\" \/><\/p>\n<p class=\"MsoNormal\"><strong style=\"mso-bidi-font-weight: normal;\">Terrence Malicks nyeste film<span style=\"mso-spacerun: yes;\"> <\/span>&#8211; Filmpoesie som utfordrer<\/strong><\/p>\n<p class=\"MsoNormal\">Amerikanske Neil (Ben Affleck) reiser rundt i Europa n\u00e5r han m\u00f8ter og forelsker seg i ukrainske Marina (Olga Kurylenko) i Paris. Marina er skilt og alenemor til ti \u00e5r gamle Tatiana og sammen flytter de til Neils hjemby i Oklahoma. Men livet der er ikke problemfritt og Marina s\u00f8ker kontakt med den katolske presten Father Quintana (Javier Bardem) som selv sliter med troen. N\u00e5r visaene til Marina og Tatiana g\u00e5r ut returnerer de til Paris og Neil gjenopptar forholdet til barndomskj\u00e6resten Jane (Rachel McAdams). Men n\u00e5r Neil skj\u00f8nner at livet ikke er s\u00e5 enkelt for Marina tar han ansvar og reiser til Paris for og gjennoppta kontakten med henne.<\/p>\n<p class=\"MsoNormal\"><em style=\"mso-bidi-font-style: normal;\">To the Wonder<\/em> er filmet i naturlig dagslys og skuespillerne jobbet uten manus og improviserte mange av m\u00f8tene seg i mellom. Filmen hadde premiere under filmfestivalen i Venezia i 2012, den var nominert til to priser og vant SIGNIS prisen.<\/p>\n<p class=\"MsoNormal\">Kilder: filmpolitiet og imdb<\/p>\n<p><a href=\"http:\/\/www.youtube.com\/watch?v=NTAzcTZTY1g\">trailer<\/a><\/p>\n","protected":false},"excerpt":{"rendered":"<p>Regi: Terrence Malick Skuespillere: Ben Affleck, Olga Kurylenko, Rachel McAdams, Javier Bardem Nasjonalitet: USA 2012 Sjanger: Drama Spr\u00e5k: Engelsk Lengde: 1 t 52 min Utleie\/format: Nordisk filmdistribusjon \/ DCP Terrence Malicks nyeste film &#8211; Filmpoesie som utfordrer Amerikanske Neil (Ben Affleck) reiser rundt i Europa n\u00e5r han m\u00f8ter og forelsker seg i ukrainske Marina (Olga [&hellip;]<\/p>\n","protected":false},"author":2,"featured_media":0,"parent":0,"menu_order":0,"comment_status":"open","ping_status":"open","template":"","meta":{"footnotes":""},"class_list":["post-796","page","type-page","status-publish","hentry"],"_links":{"self":[{"href":"https:\/\/www.bodofilmklubb.no\/index.php\/wp-json\/wp\/v2\/pages\/796","targetHints":{"allow":["GET"]}}],"collection":[{"href":"https:\/\/www.bodofilmklubb.no\/index.php\/wp-json\/wp\/v2\/pages"}],"about":[{"href":"https:\/\/www.bodofilmklubb.no\/index.php\/wp-json\/wp\/v2\/types\/page"}],"author":[{"embeddable":true,"href":"https:\/\/www.bodofilmklubb.no\/index.php\/wp-json\/wp\/v2\/users\/2"}],"replies":[{"embeddable":true,"href":"https:\/\/www.bodofilmklubb.no\/index.php\/wp-json\/wp\/v2\/comments?post=796"}],"version-history":[{"count":2,"href":"https:\/\/www.bodofilmklubb.no\/index.php\/wp-json\/wp\/v2\/pages\/796\/revisions"}],"predecessor-version":[{"id":817,"href":"https:\/\/www.bodofilmklubb.no\/index.php\/wp-json\/wp\/v2\/pages\/796\/revisions\/817"}],"wp:attachment":[{"href":"https:\/\/www.bodofilmklubb.no\/index.php\/wp-json\/wp\/v2\/media?parent=796"}],"curies":[{"name":"wp","href":"https:\/\/api.w.org\/{rel}","templated":true}]}}