{"id":807,"date":"2013-09-22T14:15:27","date_gmt":"2013-09-22T12:15:27","guid":{"rendered":"http:\/\/www.bodofilmklubb.no\/?page_id=807"},"modified":"2013-09-22T14:15:27","modified_gmt":"2013-09-22T12:15:27","slug":"la-ceremonie","status":"publish","type":"page","link":"https:\/\/www.bodofilmklubb.no\/index.php\/la-ceremonie\/","title":{"rendered":"La c\u00e9r\u00e9monie"},"content":{"rendered":"<p class=\"MsoNormal\"><strong style=\"mso-bidi-font-weight: normal;\">Regi:<\/strong> Claude Chabrol<br \/>\n<strong style=\"mso-bidi-font-weight: normal;\">Skuespillere<\/strong>: Isabelle Huppert,<span style=\"mso-spacerun: yes;\"> <\/span>Sandrine Bonnaire, Jean-Pierre Cassel, Jacqueline Bisset<br \/>\n<strong style=\"mso-bidi-font-weight: normal;\">Nasjonalitet:<\/strong> Frankrike 1995<br \/>\n<strong style=\"mso-bidi-font-weight: normal;\">Sjanger:<\/strong> Thriller<br \/>\n<strong style=\"mso-bidi-font-weight: normal;\">Spr\u00e5k:<\/strong> Fransk med <em style=\"mso-bidi-font-style: normal;\">engelske <\/em>tekster<br \/>\n<strong style=\"mso-bidi-font-weight: normal;\">Lengde:<\/strong> 1t 52 min<br \/>\n<strong style=\"mso-bidi-font-weight: normal;\">Utleie\/Format<\/strong>: Norsk Filmklubbforbund \/ Institut fran\u00e7ais \/ BluRay<\/p>\n<p class=\"MsoNormal\"><strong style=\"mso-bidi-font-weight: normal;\">Mesterlig fransk thriller med Isabelle Huppert<\/strong><\/p>\n<p class=\"MsoNormal\">Gallerieier Catherine Lelievre og hennes familie  ansetter Sophie (Sandrine Bonnaire) som hushjelp i huset deres i  Bretagne. Hun er den perfekte hushjelp og gj\u00f8r lite av seg, inntil en  dag hun er alene hjemme og blir kjent med Jeanne (Isabelle Huppert) som  jobber p\u00e5 postkontoret. Jeanne er Sophies motsetning \u2013 hun er impulsiv,  utadvendt, beryktet og fl\u00e5kjeftet. Begge er de outsidere i det lille  samfunnet og Sophie finner i Jeanne den styrke som hun selv mangler.  Familien oppdager snart Sophies store hemmelighet \u2013 at hun ikke kan  lese. N\u00e5r det ogs\u00e5 viser seg at Jeanne har v\u00e6rt inne i huset mot  familiens vilje begynner ting \u00e5 skje.<br \/>\nTo av den franske filmens store kvinnelige skuespillere i en av de beste  sene filmene til den franske thrillerens mester Claude Chabrol (1930 \u2013  2010).<\/p>\n<p class=\"MsoNormal\">Filmen bygger p\u00e5 forfatteren Ruth Rendell sin roman <em style=\"mso-bidi-font-style: normal;\">A judgement in stone<\/em>.<\/p>\n<p class=\"MsoNormal\"><a href=\"http:\/\/www.youtube.com\/watch?v=H63eq2zYsI0\">Trailer<\/a><\/p>\n<p class=\"MsoNormal\"><span style=\"font-size: 9.0pt; line-height: 115%;\">Kilde: http:\/\/www.imdb.com\/title\/tt0112769\/<span style=\"mso-spacerun: yes;\"> <\/span>og<span style=\"mso-spacerun: yes;\"> <\/span>http:\/\/www.filmweb.no\/film\/article900180.ece?facts=t<\/span><\/p>\n","protected":false},"excerpt":{"rendered":"<p>Regi: Claude Chabrol Skuespillere: Isabelle Huppert, Sandrine Bonnaire, Jean-Pierre Cassel, Jacqueline Bisset Nasjonalitet: Frankrike 1995 Sjanger: Thriller Spr\u00e5k: Fransk med engelske tekster Lengde: 1t 52 min Utleie\/Format: Norsk Filmklubbforbund \/ Institut fran\u00e7ais \/ BluRay Mesterlig fransk thriller med Isabelle Huppert Gallerieier Catherine Lelievre og hennes familie ansetter Sophie (Sandrine Bonnaire) som hushjelp i huset deres [&hellip;]<\/p>\n","protected":false},"author":2,"featured_media":0,"parent":0,"menu_order":0,"comment_status":"open","ping_status":"open","template":"","meta":{"footnotes":""},"class_list":["post-807","page","type-page","status-publish","hentry"],"_links":{"self":[{"href":"https:\/\/www.bodofilmklubb.no\/index.php\/wp-json\/wp\/v2\/pages\/807","targetHints":{"allow":["GET"]}}],"collection":[{"href":"https:\/\/www.bodofilmklubb.no\/index.php\/wp-json\/wp\/v2\/pages"}],"about":[{"href":"https:\/\/www.bodofilmklubb.no\/index.php\/wp-json\/wp\/v2\/types\/page"}],"author":[{"embeddable":true,"href":"https:\/\/www.bodofilmklubb.no\/index.php\/wp-json\/wp\/v2\/users\/2"}],"replies":[{"embeddable":true,"href":"https:\/\/www.bodofilmklubb.no\/index.php\/wp-json\/wp\/v2\/comments?post=807"}],"version-history":[{"count":1,"href":"https:\/\/www.bodofilmklubb.no\/index.php\/wp-json\/wp\/v2\/pages\/807\/revisions"}],"predecessor-version":[{"id":808,"href":"https:\/\/www.bodofilmklubb.no\/index.php\/wp-json\/wp\/v2\/pages\/807\/revisions\/808"}],"wp:attachment":[{"href":"https:\/\/www.bodofilmklubb.no\/index.php\/wp-json\/wp\/v2\/media?parent=807"}],"curies":[{"name":"wp","href":"https:\/\/api.w.org\/{rel}","templated":true}]}}