{"id":83,"date":"2008-10-29T18:46:34","date_gmt":"2008-10-29T16:46:34","guid":{"rendered":"http:\/\/www.bodofilmklubb.no\/?page_id=83"},"modified":"2008-11-13T12:20:54","modified_gmt":"2008-11-13T10:20:54","slug":"annie-hall","status":"publish","type":"page","link":"https:\/\/www.bodofilmklubb.no\/index.php\/filmer\/annie-hall\/","title":{"rendered":"Annie Hall"},"content":{"rendered":"<p>\u00a0<\/p>\n<p>\u00a0<\/p>\n<p><span style=\"font-size: x-small; font-family: Trebuchet MS;\"> <\/span><\/p>\n<p class=\"normal\" style=\"margin: auto 0cm;\"><strong><span style=\"font-size: 10pt; color: black; font-family: Arial;\">En nerv\u00f8s romanse<\/span><\/strong><span style=\"font-size: 9pt; color: black; font-family: Arial;\"> <\/span><\/p>\n<p>\u00a0<\/p>\n<p class=\"normal\" style=\"margin: auto 0cm;\"><span style=\"font-size: 10pt; color: black; font-family: Arial;\">Komikeren Alvy Singer synes livet er urettferdig. Etter \u00e5relang psykoanalyse og to mislykkede ekteskap er hverdagen fortsatt gr\u00e5. Men dette forandrer seg da han treffer den vakre Annie Hall, og de to innleder et hett, men nerv\u00f8st forhold.<\/span><span style=\"font-size: 9pt; color: black; font-family: Arial;\"> <\/span><\/p>\n<p>\u00a0<\/p>\n<p class=\"normal\" style=\"margin: auto 0cm;\"><span style=\"font-size: 10pt; color: black; font-family: Arial;\">Woody Allens velkjente, nevrotiske vittigheter om kj\u00e6rlighet og d\u00f8d, sex og meningen med livet preger filmen, og mange mener dette er en av de aller morsomste filmene han har laget. Den lekne formen gir Allen anledning til \u00e5 snakke rett i kamera og hoppe fram og tilbake i tid. <em><span style=\"font-family: Arial;\">Annie Hall<\/span><\/em> vant fire av de mest prestisjefylte Oscar-statuettene i 1977 for beste film, regi, manus og kvinnelige hovedrolle. Woody Allen spilte klarinett p\u00e5 Michael\u2019s Pub samme kveld utdelingen foregikk.<\/span><span style=\"font-size: 9pt; color: black; font-family: Arial;\"> <\/span><\/p>\n<p>\u00a0<\/p>\n<p class=\"normal\" style=\"margin: auto 0cm;\">\u00a0<\/p>\n<table border=\"0\" cellspacing=\"0\" cellpadding=\"0\" width=\"200\">\n<tbody><\/tbody>\n<\/table>\n<p><!--[if gte mso 10]>\n<mce:style><!   \/* Style Definitions *\/  table.MsoNormalTable \t{mso-style-name:\"Vanlig tabell\"; \tmso-tstyle-rowband-size:0; \tmso-tstyle-colband-size:0; \tmso-style-noshow:yes; \tmso-style-parent:\"\"; \tmso-padding-alt:0cm 5.4pt 0cm 5.4pt; \tmso-para-margin:0cm; \tmso-para-margin-bottom:.0001pt; \tmso-pagination:widow-orphan; \tfont-size:10.0pt; \tfont-family:\"Times New Roman\"; \tmso-ansi-language:#0400; \tmso-fareast-language:#0400; \tmso-bidi-language:#0400;}  ><\/div>\n\n\n\n\n<div mce_tmp=\"1\"><! [endif] ><\/d--><\/p>\n","protected":false},"excerpt":{"rendered":"<p>\u00a0 \u00a0 En nerv\u00f8s romanse \u00a0 Komikeren Alvy Singer synes livet er urettferdig. Etter \u00e5relang psykoanalyse og to mislykkede ekteskap er hverdagen fortsatt gr\u00e5. Men dette forandrer seg da han treffer den vakre Annie Hall, og de to innleder et hett, men nerv\u00f8st forhold. \u00a0 Woody Allens velkjente, nevrotiske vittigheter om kj\u00e6rlighet og d\u00f8d, sex [&hellip;]<\/p>\n","protected":false},"author":2,"featured_media":0,"parent":16,"menu_order":0,"comment_status":"open","ping_status":"open","template":"","meta":{"footnotes":""},"class_list":["post-83","page","type-page","status-publish","hentry"],"_links":{"self":[{"href":"https:\/\/www.bodofilmklubb.no\/index.php\/wp-json\/wp\/v2\/pages\/83","targetHints":{"allow":["GET"]}}],"collection":[{"href":"https:\/\/www.bodofilmklubb.no\/index.php\/wp-json\/wp\/v2\/pages"}],"about":[{"href":"https:\/\/www.bodofilmklubb.no\/index.php\/wp-json\/wp\/v2\/types\/page"}],"author":[{"embeddable":true,"href":"https:\/\/www.bodofilmklubb.no\/index.php\/wp-json\/wp\/v2\/users\/2"}],"replies":[{"embeddable":true,"href":"https:\/\/www.bodofilmklubb.no\/index.php\/wp-json\/wp\/v2\/comments?post=83"}],"version-history":[{"count":7,"href":"https:\/\/www.bodofilmklubb.no\/index.php\/wp-json\/wp\/v2\/pages\/83\/revisions"}],"predecessor-version":[{"id":92,"href":"https:\/\/www.bodofilmklubb.no\/index.php\/wp-json\/wp\/v2\/pages\/83\/revisions\/92"}],"up":[{"embeddable":true,"href":"https:\/\/www.bodofilmklubb.no\/index.php\/wp-json\/wp\/v2\/pages\/16"}],"wp:attachment":[{"href":"https:\/\/www.bodofilmklubb.no\/index.php\/wp-json\/wp\/v2\/media?parent=83"}],"curies":[{"name":"wp","href":"https:\/\/api.w.org\/{rel}","templated":true}]}}