{"id":963,"date":"2015-01-22T14:24:54","date_gmt":"2015-01-22T12:24:54","guid":{"rendered":"http:\/\/www.bodofilmklubb.no\/?page_id=963"},"modified":"2015-01-22T14:24:54","modified_gmt":"2015-01-22T12:24:54","slug":"ondskapens-hotell","status":"publish","type":"page","link":"https:\/\/www.bodofilmklubb.no\/index.php\/ondskapens-hotell\/","title":{"rendered":"Ondskapens hotell"},"content":{"rendered":"<p><strong>USA\/England, 1980<\/strong><br \/>\n<strong>Regiss\u00f8r: Stanley Kubrick<\/strong><br \/>\n<strong>Spr\u00e5k: Engelsk<\/strong><br \/>\n<strong>Produsent: Stanley Kubrick<\/strong><br \/>\n<strong>Manus: Stanley Kubrick Diane Johnson<\/strong><br \/>\n<strong>Medvirkende: Jack Nicholson, Shelley Duvall, Danny Lloyd, Scatman Crothers, Barry Nelson, Philip Stone, Joe Turkel<\/strong><br \/>\n<strong>Musikk: Wendy Carlos, Rachel Elkind<\/strong><br \/>\n<strong>Lengde: 144 min<br \/>\nSpr\u00e5k: Engelsk tale, norsk tekst<br \/>\nFormat: Bluray<\/strong><\/p>\n<p><em>The Shining \u2013 Ondskapens hotell<\/em> \u2013 st\u00e5r i en s\u00e6rstilling  blant skrekkfilmer. Stanley Kubricks streben etter perfeksjonisme  avspeiles i alle filmens elementer. Disse fungerer s\u00e5 presist i sitt  samspill, og er s\u00e5 uts\u00f8kt timet, at helheten blir briljant. Resultatet  er en klaustrofobisk og angstdirrende filmopplevelse som blir sittende i  ryggmargen, lenge.<\/p>\n<p>En forfatter og hans lille familie skal ha tilsyn med et vinterstengt  hotell som ligger plassert langt utenfor allfarvei i Rocky Mountains.  N\u00e5r de ansatte drar tilbake til sivilisasjonen etter sesongen,  etterlater de hotellet skremmende \u00f8de. De endel\u00f8se korridorene er som  labyrinter, ballsalen er gjallende tom. Lille Danny, som har `the  shining` \u2013 evnen til \u00e5 se m\u00f8rke bilder fra fortiden \u2013 blir etter hvert  skrekkslagen tilskuer til forferdelige scener som har utspilt seg i  hotellets historie. Forfatteren Jack, mesterlig fremstilt av Jack  Nicholson, blir stadig mer preget av de nifse omgivelsene og bygningens  iboende ondskap. Gradvis overf\u00f8res hotellets m\u00f8rke krefter til ham, og  en uhyggelig forandring i familiefarens personlighet finner sted. Danny  og tilskueren forst\u00e5r at grusomme hendelser skal skje\u2026<\/p>\n<p><em>Ondskapens hotell<\/em> er basert p\u00e5 en roman av den \u2013 den gang  unge og lovende \u2013 forfatteren Stephen King. Til Kings irritasjon tok  Kubrick seg store friheter i forhold til boka. Kubrick la st\u00f8rre vekt p\u00e5  \u00e5 skildre uhyggen indirekte og tvetydig enn det som gj\u00f8res i romanen,  f\u00f8lgelig mislikte King den ferdige filmen sterkt. <em>Ondskapens hotell<\/em> preges av et underliggende ubehag, som kryper inn under huden og skaper  uro og angstfylt forventning. Sakte men sikkert trekkes tilskueren inn i  ondskapens irrganger, som materialiserer seg gjennom bygningen og etter  hvert overf\u00f8res i Jacks karakter.<\/p>\n<p>Kubricks utnyttelse av filmmediets virkemidler er mesterlig. Legg  merke til filmmusikken, og filmens lydbilde for \u00f8vrig. S\u00e6regen er ogs\u00e5  bruken av skarpt lys, de nifseste scenene er flombelyst, noe som skiller  <em>Ondskapens hotell<\/em> fra den typiske skrekkfilmen. Min favorittscene er Dannys syn av blodb\u00f8lgen i slow-motion, naglende uhyggelig.<\/p>\n<p>Filmen som er mettet med symbolisme har v\u00e6rt gjenstand for en rekke tolkninger; men som de fleste mesterverk, unndrar ogs\u00e5 <em>Ondskapens hotell<\/em> seg klare fasitsvar. Det vil kanskje overraske noen at mottakelsen  blant kritikerne var sprikende, og til dels lunken da filmen hadde  premiere i 1980. I ettertid oppn\u00e5dde filmen klassikerstatus, og en ny  standard for skrekkfilmgenren ble satt.<\/p>\n<p><a href=\"https:\/\/www.youtube.com\/watch?v=S014oGZiSdI\">Trailer<\/a><\/p>\n<p><em>omtale fra Cinemateket i Trondheim<\/em><\/p>\n<p>NB: Apropos tolkninger: Se f\u00f8lgende l\u00f8rdagsfilm 21.3. <em>Room 237<\/em>&#8230;<\/p>\n","protected":false},"excerpt":{"rendered":"<p>USA\/England, 1980 Regiss\u00f8r: Stanley Kubrick Spr\u00e5k: Engelsk Produsent: Stanley Kubrick Manus: Stanley Kubrick Diane Johnson Medvirkende: Jack Nicholson, Shelley Duvall, Danny Lloyd, Scatman Crothers, Barry Nelson, Philip Stone, Joe Turkel Musikk: Wendy Carlos, Rachel Elkind Lengde: 144 min Spr\u00e5k: Engelsk tale, norsk tekst Format: Bluray The Shining \u2013 Ondskapens hotell \u2013 st\u00e5r i en s\u00e6rstilling [&hellip;]<\/p>\n","protected":false},"author":2,"featured_media":0,"parent":0,"menu_order":0,"comment_status":"open","ping_status":"open","template":"","meta":{"footnotes":""},"class_list":["post-963","page","type-page","status-publish","hentry"],"_links":{"self":[{"href":"https:\/\/www.bodofilmklubb.no\/index.php\/wp-json\/wp\/v2\/pages\/963","targetHints":{"allow":["GET"]}}],"collection":[{"href":"https:\/\/www.bodofilmklubb.no\/index.php\/wp-json\/wp\/v2\/pages"}],"about":[{"href":"https:\/\/www.bodofilmklubb.no\/index.php\/wp-json\/wp\/v2\/types\/page"}],"author":[{"embeddable":true,"href":"https:\/\/www.bodofilmklubb.no\/index.php\/wp-json\/wp\/v2\/users\/2"}],"replies":[{"embeddable":true,"href":"https:\/\/www.bodofilmklubb.no\/index.php\/wp-json\/wp\/v2\/comments?post=963"}],"version-history":[{"count":1,"href":"https:\/\/www.bodofilmklubb.no\/index.php\/wp-json\/wp\/v2\/pages\/963\/revisions"}],"predecessor-version":[{"id":964,"href":"https:\/\/www.bodofilmklubb.no\/index.php\/wp-json\/wp\/v2\/pages\/963\/revisions\/964"}],"wp:attachment":[{"href":"https:\/\/www.bodofilmklubb.no\/index.php\/wp-json\/wp\/v2\/media?parent=963"}],"curies":[{"name":"wp","href":"https:\/\/api.w.org\/{rel}","templated":true}]}}