{"id":967,"date":"2015-01-22T15:07:55","date_gmt":"2015-01-22T13:07:55","guid":{"rendered":"http:\/\/www.bodofilmklubb.no\/?page_id=967"},"modified":"2015-01-22T15:07:55","modified_gmt":"2015-01-22T13:07:55","slug":"room-237","status":"publish","type":"page","link":"https:\/\/www.bodofilmklubb.no\/index.php\/room-237\/","title":{"rendered":"Room 237"},"content":{"rendered":"<p><strong>USA, 2012<\/strong><br \/>\n<strong>Regi: Rodney Ascher<\/strong><br \/>\n<strong>Med: Bill Blakemore, Geoffrey Cocks, Juli Kearns<\/strong><br \/>\n<strong>Lengde: 102 min<\/strong><br \/>\n<strong>Spr\u00e5k: Engelsk tale, svensk tekst<\/strong><br \/>\n<strong>Format:\u00a0DCP<\/strong><\/p>\n<p>Underholdene dokumentar om symboler og skjulte budskap i Kubricks film <em>Ondskapens hotell<\/em>.<\/p>\n<p><em><\/em><em>Ondskapens hotell<\/em> (<em>The Shining<\/em>) er en av  70-tallets store skrekkfilmklassikere og Stanley Kubricks mesterlige  versjon av Steven Kings roman, hvor Jack Torrance (Jack Nicholson) sakte  forsvinner inn i galskapen. I kveldens dokumentar f\u00e5r du m\u00f8te noen som  har sett filmen mange ganger. Kanskje litt for mange. De finner sjulte  betydninger i hver eneste detalj.<\/p>\n<p>Ingen av teoriene i denne dokumentaren er bekreftet, men det er en  kjent sak at Kubricks filmer er fulle av symbolikk og detaljer som  absolutt ikke er tilfeldig plassert. Hvert bilde er n\u00f8ye planlagt,  ingenting er \u201cby accident\u201d.<\/p>\n<p>Filmskaperne bak <em>Room 237<\/em> er muligens smittet av noe av  Jacks galskap, men vi f\u00e5r en f\u00f8lelse av at de er p\u00e5 sporet av noe.  Gjennom tall, objekter, symboler og scener i filmen finner de blant  annet mange hentydninger til b\u00e5de Holocaust og amerikanernes utslettelse  av indianerne. Dette er uansett en tankevekkende film med tanke p\u00e5  rollen vi har som publikum, og hvor utrolig mye forskjellig man kan  legge i opplevelsen av en film.<\/p>\n<p><a href=\"https:\/\/www.youtube.com\/watch?v=rHE5YUNkssQ\">Trailer<\/a><\/p>\n<p><em>Omtale: Cinemateket i Kristiansand<\/em><\/p>\n","protected":false},"excerpt":{"rendered":"<p>USA, 2012 Regi: Rodney Ascher Med: Bill Blakemore, Geoffrey Cocks, Juli Kearns Lengde: 102 min Spr\u00e5k: Engelsk tale, svensk tekst Format:\u00a0DCP Underholdene dokumentar om symboler og skjulte budskap i Kubricks film Ondskapens hotell. Ondskapens hotell (The Shining) er en av 70-tallets store skrekkfilmklassikere og Stanley Kubricks mesterlige versjon av Steven Kings roman, hvor Jack Torrance [&hellip;]<\/p>\n","protected":false},"author":2,"featured_media":0,"parent":0,"menu_order":0,"comment_status":"open","ping_status":"open","template":"","meta":{"footnotes":""},"class_list":["post-967","page","type-page","status-publish","hentry"],"_links":{"self":[{"href":"https:\/\/www.bodofilmklubb.no\/index.php\/wp-json\/wp\/v2\/pages\/967","targetHints":{"allow":["GET"]}}],"collection":[{"href":"https:\/\/www.bodofilmklubb.no\/index.php\/wp-json\/wp\/v2\/pages"}],"about":[{"href":"https:\/\/www.bodofilmklubb.no\/index.php\/wp-json\/wp\/v2\/types\/page"}],"author":[{"embeddable":true,"href":"https:\/\/www.bodofilmklubb.no\/index.php\/wp-json\/wp\/v2\/users\/2"}],"replies":[{"embeddable":true,"href":"https:\/\/www.bodofilmklubb.no\/index.php\/wp-json\/wp\/v2\/comments?post=967"}],"version-history":[{"count":1,"href":"https:\/\/www.bodofilmklubb.no\/index.php\/wp-json\/wp\/v2\/pages\/967\/revisions"}],"predecessor-version":[{"id":968,"href":"https:\/\/www.bodofilmklubb.no\/index.php\/wp-json\/wp\/v2\/pages\/967\/revisions\/968"}],"wp:attachment":[{"href":"https:\/\/www.bodofilmklubb.no\/index.php\/wp-json\/wp\/v2\/media?parent=967"}],"curies":[{"name":"wp","href":"https:\/\/api.w.org\/{rel}","templated":true}]}}