{"id":977,"date":"2015-01-22T15:49:14","date_gmt":"2015-01-22T13:49:14","guid":{"rendered":"http:\/\/www.bodofilmklubb.no\/?page_id=977"},"modified":"2015-01-22T15:49:14","modified_gmt":"2015-01-22T13:49:14","slug":"douglas","status":"publish","type":"page","link":"https:\/\/www.bodofilmklubb.no\/index.php\/douglas\/","title":{"rendered":"Douglas"},"content":{"rendered":"<p><strong>Norge, 1970<\/strong><br \/>\n<strong>Regi: P\u00e5l Bang-Hansen<\/strong><br \/>\n<strong>Spr\u00e5k: Norsk (utekstet)<\/strong><br \/>\n<strong>Spilletid: 1t 30min<\/strong><br \/>\n<strong>Med: Rolf Wesenlund, Tom Tellefsen, Kjersti D\u00f8vigen<\/strong><br \/>\n<strong>Format: DCP<\/strong><\/p>\n<p><strong>Potensiell norsk kultfilm<br \/>\n<\/strong><\/p>\n<p>Dette er filmen om Douglas, hemmelig agent. Med n\u00f8ktern effektivitet   vier han sitt liv til jobben. Douglas tror han arbeider for en god sak.   S\u00e5 god er den, at han ser seg selv som fritatt fra enhver spilleregel.   P\u00e5l Bang-Hansen forteller kjapt og effektivt, og leker seg innimellom   med filmspr\u00e5ket. Kritikerne var stort sett forn\u00f8yde, men verre var det   med Statens filmkontroll: de klippet vekk 10, 2 meter med sex-scener.   Filmen, som er l\u00f8selig basert p\u00e5 Haavard Haavardholms roman \u00abDe skjulte   tjenester\u00bb, ble lansert som en sort komedie, og er ogs\u00e5 morsom \u2013 p\u00e5 et   grusomt vis. Samtidig klarer Bang-Hansen til tider \u00e5 etablere en   urovekkende f\u00f8lelse av hva overv\u00e5kning kan v\u00e6re, i ytterste konsekvens.   Rolf Wesenlund er eminent i rollen som Douglas, ledig men fullstendig   \u00abin character\u00bb, og beviser at han kan mer enn \u00e5 ableg\u00f8ye.<\/p>\n<p><em>Omtale:<\/em> Cinemateket i Oslo<\/p>\n<p>Det finnes lite info om filmen, noe <a href=\"http:\/\/www.filmbasen.no\/film\/18146\/douglas\/\">her<\/a>.<\/p>\n","protected":false},"excerpt":{"rendered":"<p>Norge, 1970 Regi: P\u00e5l Bang-Hansen Spr\u00e5k: Norsk (utekstet) Spilletid: 1t 30min Med: Rolf Wesenlund, Tom Tellefsen, Kjersti D\u00f8vigen Format: DCP Potensiell norsk kultfilm Dette er filmen om Douglas, hemmelig agent. Med n\u00f8ktern effektivitet vier han sitt liv til jobben. Douglas tror han arbeider for en god sak. S\u00e5 god er den, at han ser seg [&hellip;]<\/p>\n","protected":false},"author":2,"featured_media":0,"parent":0,"menu_order":0,"comment_status":"open","ping_status":"open","template":"","meta":{"footnotes":""},"class_list":["post-977","page","type-page","status-publish","hentry"],"_links":{"self":[{"href":"https:\/\/www.bodofilmklubb.no\/index.php\/wp-json\/wp\/v2\/pages\/977","targetHints":{"allow":["GET"]}}],"collection":[{"href":"https:\/\/www.bodofilmklubb.no\/index.php\/wp-json\/wp\/v2\/pages"}],"about":[{"href":"https:\/\/www.bodofilmklubb.no\/index.php\/wp-json\/wp\/v2\/types\/page"}],"author":[{"embeddable":true,"href":"https:\/\/www.bodofilmklubb.no\/index.php\/wp-json\/wp\/v2\/users\/2"}],"replies":[{"embeddable":true,"href":"https:\/\/www.bodofilmklubb.no\/index.php\/wp-json\/wp\/v2\/comments?post=977"}],"version-history":[{"count":2,"href":"https:\/\/www.bodofilmklubb.no\/index.php\/wp-json\/wp\/v2\/pages\/977\/revisions"}],"predecessor-version":[{"id":981,"href":"https:\/\/www.bodofilmklubb.no\/index.php\/wp-json\/wp\/v2\/pages\/977\/revisions\/981"}],"wp:attachment":[{"href":"https:\/\/www.bodofilmklubb.no\/index.php\/wp-json\/wp\/v2\/media?parent=977"}],"curies":[{"name":"wp","href":"https:\/\/api.w.org\/{rel}","templated":true}]}}